{"id":228,"date":"2021-02-03T20:10:50","date_gmt":"2021-02-03T20:10:50","guid":{"rendered":"https:\/\/h-knieling.de\/?page_id=228"},"modified":"2021-02-03T22:48:35","modified_gmt":"2021-02-03T22:48:35","slug":"medizinische-hypnose","status":"publish","type":"page","link":"https:\/\/h-knieling.de\/?page_id=228","title":{"rendered":"Medizinische Hypnose"},"content":{"rendered":"\n<h1 class=\"wp-block-heading\">Medizinische Hypnose<\/h1>\n\n\n\n<h3 class=\"wp-block-heading\">(Raucherentw\u00f6hnung, Gewichtsreduktion\u2026)<\/h3>\n\n\n<p>Sind Sie schonmal hypnotisiert worden oder waren Sie schon in Trance?<br>Die durch Hypnose eingeleitete Trance ist Ihnen sehr wohl bekannt. Eine Trance ist der <br>Zustand der Entspannung mit besonderer Wachsamkeit. <br>Ein Zustand, den Sie vielleicht durch die Meditation oder durch autogenes Training kennen. <br>In diesem Zustand kann der Hypnosetherapeut, die vorher besprochenen Dinge an die richtigen Stellen der Denkstrukturen setzen. Alles passiert immer in Absprache mit Ihnen. <br>Sie sind immer in der Lage, die Hypnose zu unterbrechen, was nat\u00fcrlich auch den ganzen&nbsp;Ablauf unterbrechen w\u00fcrde und wir m\u00fcssten wieder anfangen.<\/p>\n<p>Viele Klienten berichten, dass eine Hypnose sehr entspannend sein und sie diese Entspannung viele Jahre schon nicht mehr hatten.<\/p>\n<p>Oft reichen ein oder zwei Sitzungen um das Besprochene zu erreichen. Jahrelange Sitzungsfolgen sind somit nicht n\u00f6tig.<\/p>\n<p>Ob Sie aufh\u00f6ren wollen zu <strong>Rauchen<\/strong> oder Sie wollen Ihr <strong>Idealgewicht<\/strong> erreichen, mit Hypnose&nbsp;und unserem ausgekl\u00fcgelten Konzept ist es f\u00fcr Sie m\u00f6glich Ihr Ziel bequem zu erreichen ohne die Gefahr der R\u00fcckf\u00e4lligkeit oder den JoJo-Effekt.&nbsp;<\/p>\n<p>Die Wirkung der Hypnose wurde immer wieder in Studien bewiesen. Hypnose hilft Ihnen effektiv und sicher Ihre gesteckten Ziele zu erreichen.&nbsp;<br>Informieren Sie sich \u00fcber die M\u00f6glichkeiten bei uns und profitieren Sie von unserer langj\u00e4hrigen Erfahrung!<\/p>\n\n\n<hr class=\"wp-block-separator is-style-wide\"\/>\n\n\n<p style=\"text-align: right;\"><span style=\"color: #339966;\"><a style=\"color: #339966;\" href=\"https:\/\/h-knieling.de\/?page_id=12\">Zur\u00fcck \u21b5<\/a><\/span><\/p>\n\n\n<p><\/p>\n","protected":false},"excerpt":{"rendered":"<p>Medizinische Hypnose (Raucherentw\u00f6hnung, Gewichtsreduktion\u2026) Sind Sie schonmal hypnotisiert worden oder waren Sie schon in Trance?Die durch Hypnose eingeleitete Trance ist Ihnen sehr wohl bekannt. Eine Trance ist der Zustand der Entspannung mit besonderer Wachsamkeit. Ein Zustand, den Sie vielleicht durch die Meditation oder durch autogenes Training kennen. In diesem Zustand kann der Hypnosetherapeut, die vorher &hellip; <\/p>\n<p class=\"link-more\"><a href=\"https:\/\/h-knieling.de\/?page_id=228\" class=\"more-link\"><span class=\"screen-reader-text\">\u201eMedizinische Hypnose\u201c <\/span>weiterlesen<\/a><\/p>\n","protected":false},"author":1,"featured_media":0,"parent":0,"menu_order":0,"comment_status":"closed","ping_status":"closed","template":"","meta":{"footnotes":""},"class_list":["post-228","page","type-page","status-publish","hentry"],"_links":{"self":[{"href":"https:\/\/h-knieling.de\/index.php?rest_route=\/wp\/v2\/pages\/228","targetHints":{"allow":["GET"]}}],"collection":[{"href":"https:\/\/h-knieling.de\/index.php?rest_route=\/wp\/v2\/pages"}],"about":[{"href":"https:\/\/h-knieling.de\/index.php?rest_route=\/wp\/v2\/types\/page"}],"author":[{"embeddable":true,"href":"https:\/\/h-knieling.de\/index.php?rest_route=\/wp\/v2\/users\/1"}],"replies":[{"embeddable":true,"href":"https:\/\/h-knieling.de\/index.php?rest_route=%2Fwp%2Fv2%2Fcomments&post=228"}],"version-history":[{"count":9,"href":"https:\/\/h-knieling.de\/index.php?rest_route=\/wp\/v2\/pages\/228\/revisions"}],"predecessor-version":[{"id":330,"href":"https:\/\/h-knieling.de\/index.php?rest_route=\/wp\/v2\/pages\/228\/revisions\/330"}],"wp:attachment":[{"href":"https:\/\/h-knieling.de\/index.php?rest_route=%2Fwp%2Fv2%2Fmedia&parent=228"}],"curies":[{"name":"wp","href":"https:\/\/api.w.org\/{rel}","templated":true}]}}