{"id":237,"date":"2021-02-03T20:14:15","date_gmt":"2021-02-03T20:14:15","guid":{"rendered":"https:\/\/h-knieling.de\/?page_id=237"},"modified":"2021-02-03T22:46:14","modified_gmt":"2021-02-03T22:46:14","slug":"paar-familientherapie","status":"publish","type":"page","link":"https:\/\/h-knieling.de\/?page_id=237","title":{"rendered":"Paar- \/ Familientherapie"},"content":{"rendered":"\n<h1 class=\"wp-block-heading\">Paar- \/ Familientherapie<\/h1>\n\n\n<p>In der Beziehung gibt es immer mal schwierige Phasen, das ist ganz normal\u2026!<br>Wir m\u00f6chten Ihnen gerne bei den Phasen helfen, die nicht ganz normal sind.<\/p>\n<p>Auch hier gibt es viele M\u00f6glichkeiten, wieder untereinander ins Gespr\u00e4ch zu kommen und&nbsp;sich wieder gemeinsam auf den Weg zu machen.<\/p>\n<p>Bei einem Auto f\u00e4hrt man regelm\u00e4\u00dfig zum T\u00dcV bevor was schlimmeres passiert. <br>Warten Sie nicht bis in Ihrer Beziehung was schlimmeres passiert und machen Sie auch&nbsp;hier mal ein \u201eCheckup\u201c.<\/p>\n<p>Wir bieten auch Mediation und Einzel- oder Gruppen-Supervision an.<\/p>\n\n\n<hr class=\"wp-block-separator is-style-wide\"\/>\n\n\n<p style=\"text-align: right;\"><span style=\"color: #339966;\"><a style=\"color: #339966;\" href=\"https:\/\/h-knieling.de\/?page_id=12\">Zur\u00fcck \u21b5<\/a><\/span><\/p>","protected":false},"excerpt":{"rendered":"<p>Paar- \/ Familientherapie In der Beziehung gibt es immer mal schwierige Phasen, das ist ganz normal\u2026!Wir m\u00f6chten Ihnen gerne bei den Phasen helfen, die nicht ganz normal sind. Auch hier gibt es viele M\u00f6glichkeiten, wieder untereinander ins Gespr\u00e4ch zu kommen und&nbsp;sich wieder gemeinsam auf den Weg zu machen. Bei einem Auto f\u00e4hrt man regelm\u00e4\u00dfig zum &hellip; <\/p>\n<p class=\"link-more\"><a href=\"https:\/\/h-knieling.de\/?page_id=237\" class=\"more-link\"><span class=\"screen-reader-text\">\u201ePaar- \/ Familientherapie\u201c <\/span>weiterlesen<\/a><\/p>\n","protected":false},"author":1,"featured_media":0,"parent":0,"menu_order":0,"comment_status":"closed","ping_status":"closed","template":"","meta":{"footnotes":""},"class_list":["post-237","page","type-page","status-publish","hentry"],"_links":{"self":[{"href":"https:\/\/h-knieling.de\/index.php?rest_route=\/wp\/v2\/pages\/237","targetHints":{"allow":["GET"]}}],"collection":[{"href":"https:\/\/h-knieling.de\/index.php?rest_route=\/wp\/v2\/pages"}],"about":[{"href":"https:\/\/h-knieling.de\/index.php?rest_route=\/wp\/v2\/types\/page"}],"author":[{"embeddable":true,"href":"https:\/\/h-knieling.de\/index.php?rest_route=\/wp\/v2\/users\/1"}],"replies":[{"embeddable":true,"href":"https:\/\/h-knieling.de\/index.php?rest_route=%2Fwp%2Fv2%2Fcomments&post=237"}],"version-history":[{"count":4,"href":"https:\/\/h-knieling.de\/index.php?rest_route=\/wp\/v2\/pages\/237\/revisions"}],"predecessor-version":[{"id":324,"href":"https:\/\/h-knieling.de\/index.php?rest_route=\/wp\/v2\/pages\/237\/revisions\/324"}],"wp:attachment":[{"href":"https:\/\/h-knieling.de\/index.php?rest_route=%2Fwp%2Fv2%2Fmedia&parent=237"}],"curies":[{"name":"wp","href":"https:\/\/api.w.org\/{rel}","templated":true}]}}