{"id":241,"date":"2021-02-03T20:16:24","date_gmt":"2021-02-03T20:16:24","guid":{"rendered":"https:\/\/h-knieling.de\/?page_id=241"},"modified":"2021-02-03T22:46:40","modified_gmt":"2021-02-03T22:46:40","slug":"ernaehrungsberatung","status":"publish","type":"page","link":"https:\/\/h-knieling.de\/?page_id=241","title":{"rendered":"Ern\u00e4hrungsberatung"},"content":{"rendered":"\n<h1 class=\"wp-block-heading\">Ern\u00e4hrungsberatung<\/h1>\n\n\n<p>F\u00fcr Sie sind Laktoseintoleranz oder Fructoseintoleranz keine Fremdw\u00f6rter, sondern t\u00e4gliche Qual? Nicht mehr frei zu essen, was Sie wollen, sondern immer genau schauen \u201ewas darf ich &#8211;&nbsp;was darf ich nicht\u201c?<br>&nbsp;Auch in diesem Bereich k\u00f6nnen wir Ihnen mit unserem langj\u00e4hrigen Wissen und Erfahrung &nbsp;&nbsp;&nbsp;&nbsp;&nbsp;&nbsp;&nbsp;&nbsp; helfend zur Seite stehen. Individuelle M\u00f6glichkeiten aufzeigen, die Sie leicht in Ihren Alltag integrieren k\u00f6nnen. &nbsp;&nbsp;&nbsp;&nbsp;<\/p>\n<p>&nbsp;&nbsp;&nbsp;&nbsp;&nbsp;&nbsp;&nbsp;&nbsp;&nbsp;&nbsp;&nbsp; Vielleicht interessierend Sie die Themen<br>&nbsp;&nbsp;&nbsp;&nbsp;&nbsp;&nbsp;&nbsp;&nbsp;&nbsp;&nbsp;&nbsp; &#8211; Ern\u00e4hrung bei alten Menschen<br>&nbsp;&nbsp;&nbsp;&nbsp;&nbsp;&nbsp;&nbsp;&nbsp;&nbsp;&nbsp;&nbsp; &#8211; Ern\u00e4hrung bei Kindern mit besonderen Behinderungen <br>&nbsp;&nbsp;&nbsp;&nbsp;&nbsp;&nbsp;&nbsp;&nbsp;&nbsp;&nbsp;&nbsp; &#8211; Ern\u00e4hrung bei schweren Erkrankungen<\/p>\n\n\n<hr class=\"wp-block-separator is-style-wide\"\/>\n\n\n<p style=\"text-align: right;\"><span style=\"color: #339966;\"><a style=\"color: #339966;\" href=\"https:\/\/h-knieling.de\/?page_id=12\">Zur\u00fcck \u21b5<\/a><\/span><\/p>","protected":false},"excerpt":{"rendered":"<p>Ern\u00e4hrungsberatung F\u00fcr Sie sind Laktoseintoleranz oder Fructoseintoleranz keine Fremdw\u00f6rter, sondern t\u00e4gliche Qual? Nicht mehr frei zu essen, was Sie wollen, sondern immer genau schauen \u201ewas darf ich &#8211;&nbsp;was darf ich nicht\u201c?&nbsp;Auch in diesem Bereich k\u00f6nnen wir Ihnen mit unserem langj\u00e4hrigen Wissen und Erfahrung &nbsp;&nbsp;&nbsp;&nbsp;&nbsp;&nbsp;&nbsp;&nbsp; helfend zur Seite stehen. Individuelle M\u00f6glichkeiten aufzeigen, die Sie leicht in &hellip; <\/p>\n<p class=\"link-more\"><a href=\"https:\/\/h-knieling.de\/?page_id=241\" class=\"more-link\"><span class=\"screen-reader-text\">\u201eErn\u00e4hrungsberatung\u201c <\/span>weiterlesen<\/a><\/p>\n","protected":false},"author":1,"featured_media":0,"parent":0,"menu_order":0,"comment_status":"closed","ping_status":"closed","template":"","meta":{"footnotes":""},"class_list":["post-241","page","type-page","status-publish","hentry"],"_links":{"self":[{"href":"https:\/\/h-knieling.de\/index.php?rest_route=\/wp\/v2\/pages\/241","targetHints":{"allow":["GET"]}}],"collection":[{"href":"https:\/\/h-knieling.de\/index.php?rest_route=\/wp\/v2\/pages"}],"about":[{"href":"https:\/\/h-knieling.de\/index.php?rest_route=\/wp\/v2\/types\/page"}],"author":[{"embeddable":true,"href":"https:\/\/h-knieling.de\/index.php?rest_route=\/wp\/v2\/users\/1"}],"replies":[{"embeddable":true,"href":"https:\/\/h-knieling.de\/index.php?rest_route=%2Fwp%2Fv2%2Fcomments&post=241"}],"version-history":[{"count":4,"href":"https:\/\/h-knieling.de\/index.php?rest_route=\/wp\/v2\/pages\/241\/revisions"}],"predecessor-version":[{"id":325,"href":"https:\/\/h-knieling.de\/index.php?rest_route=\/wp\/v2\/pages\/241\/revisions\/325"}],"wp:attachment":[{"href":"https:\/\/h-knieling.de\/index.php?rest_route=%2Fwp%2Fv2%2Fmedia&parent=241"}],"curies":[{"name":"wp","href":"https:\/\/api.w.org\/{rel}","templated":true}]}}