{"id":259,"date":"2021-02-03T20:28:54","date_gmt":"2021-02-03T20:28:54","guid":{"rendered":"https:\/\/h-knieling.de\/?page_id=259"},"modified":"2021-02-03T22:50:12","modified_gmt":"2021-02-03T22:50:12","slug":"angebote-fuer-gruppen","status":"publish","type":"page","link":"https:\/\/h-knieling.de\/?page_id=259","title":{"rendered":"Angebote f\u00fcr Gruppen"},"content":{"rendered":"\n<h1 class=\"wp-block-heading\">Angebote f\u00fcr Gruppen<\/h1>\n\n\n\n<h3 class=\"wp-block-heading\">(Gemeinsam ist vieles leichter!)&nbsp;<\/h3>\n\n\n<p>Sie denken an Ihre Mitmenschen oder wollen Ihrem Verein, Ihren Kollegen was Gutes tun?<br>Wir haben die L\u00f6sung f\u00fcr Sie!<\/p>\n<p>Wenn sich eine Gruppe von mindestens 5 Teilnehmern findet, werden vom Preis f\u00fcr den <br>Einzelnen 15% abgezogen. <br>Wir kommen zu Ihnen in die Firma, in den Verein, in die Schule und Begleiten Sie mit Ihrer gruppe in drei Sitzungen ganz individuell. So kommen Sie gemeinsam zum Ziel \u2013 frei nach dem Motto: Die Rauchfreie Firma, der Rauchfreie Verein\u2026!<\/p>\n<p>Gerne k\u00f6nnen wir zu Ihnen und beraten Sie und schauen uns gemeinsam Ihre R\u00e4umlichkeiten an. Werden Sie mit Ihren Mitarbeitern Vorreiter in Sachen \u201eGesundheit\u201c.<\/p>\n\n\n<hr class=\"wp-block-separator is-style-wide\"\/>\n\n\n<p style=\"text-align: right;\"><span style=\"color: #339966;\"><a style=\"color: #339966;\" href=\"https:\/\/h-knieling.de\/?page_id=12\">Zur\u00fcck \u21b5<\/a><\/span><\/p>","protected":false},"excerpt":{"rendered":"<p>Angebote f\u00fcr Gruppen (Gemeinsam ist vieles leichter!)&nbsp; Sie denken an Ihre Mitmenschen oder wollen Ihrem Verein, Ihren Kollegen was Gutes tun?Wir haben die L\u00f6sung f\u00fcr Sie! Wenn sich eine Gruppe von mindestens 5 Teilnehmern findet, werden vom Preis f\u00fcr den Einzelnen 15% abgezogen. Wir kommen zu Ihnen in die Firma, in den Verein, in die &hellip; <\/p>\n<p class=\"link-more\"><a href=\"https:\/\/h-knieling.de\/?page_id=259\" class=\"more-link\"><span class=\"screen-reader-text\">\u201eAngebote f\u00fcr Gruppen\u201c <\/span>weiterlesen<\/a><\/p>\n","protected":false},"author":1,"featured_media":0,"parent":0,"menu_order":0,"comment_status":"closed","ping_status":"closed","template":"","meta":{"footnotes":""},"class_list":["post-259","page","type-page","status-publish","hentry"],"_links":{"self":[{"href":"https:\/\/h-knieling.de\/index.php?rest_route=\/wp\/v2\/pages\/259","targetHints":{"allow":["GET"]}}],"collection":[{"href":"https:\/\/h-knieling.de\/index.php?rest_route=\/wp\/v2\/pages"}],"about":[{"href":"https:\/\/h-knieling.de\/index.php?rest_route=\/wp\/v2\/types\/page"}],"author":[{"embeddable":true,"href":"https:\/\/h-knieling.de\/index.php?rest_route=\/wp\/v2\/users\/1"}],"replies":[{"embeddable":true,"href":"https:\/\/h-knieling.de\/index.php?rest_route=%2Fwp%2Fv2%2Fcomments&post=259"}],"version-history":[{"count":4,"href":"https:\/\/h-knieling.de\/index.php?rest_route=\/wp\/v2\/pages\/259\/revisions"}],"predecessor-version":[{"id":334,"href":"https:\/\/h-knieling.de\/index.php?rest_route=\/wp\/v2\/pages\/259\/revisions\/334"}],"wp:attachment":[{"href":"https:\/\/h-knieling.de\/index.php?rest_route=%2Fwp%2Fv2%2Fmedia&parent=259"}],"curies":[{"name":"wp","href":"https:\/\/api.w.org\/{rel}","templated":true}]}}