{"id":80,"date":"2020-08-09T16:52:37","date_gmt":"2020-08-09T16:52:37","guid":{"rendered":"http:\/\/h-knieling.de\/?page_id=80"},"modified":"2021-12-23T15:23:00","modified_gmt":"2021-12-23T15:23:00","slug":"wissenswertes","status":"publish","type":"page","link":"https:\/\/h-knieling.de\/?page_id=80","title":{"rendered":"Wissenswertes"},"content":{"rendered":"\n<div class=\"wp-block-group\"><div class=\"wp-block-group__inner-container is-layout-flow wp-block-group-is-layout-flow\">\n<hr class=\"wp-block-separator is-style-wide\"\/>\n\n\n\n<div class=\"wp-block-group\"><div class=\"wp-block-group__inner-container is-layout-flow wp-block-group-is-layout-flow\">\n<h2 class=\"wp-block-heading\">\u00c4rzteblatt: Wirksamkeit, Sicherheit und Anwendungsm\u00f6glichkeiten medizinischer Hypnose<\/h2>\n<\/div><\/div>\n\n\n\n<div class=\"wp-block-buttons is-layout-flex wp-block-buttons-is-layout-flex\">\n<div class=\"wp-block-button\"><a class=\"wp-block-button__link has-text-color has-background\" href=\"https:\/\/www.aerzteblatt.de\/archiv\/177656\/Wirksamkeit-Sicherheit-und-Anwendungsmoeglichkeiten-medizinischer-Hypnose\" style=\"border-radius:8px;background:radial-gradient(rgb(202,248,128) 0%,rgb(113,206,126) 100%);color:#5a5a5a\" target=\"_blank\" rel=\"noreferrer noopener\">&#8230; weiter zum Artikel<\/a><\/div>\n<\/div>\n<\/div><\/div>\n\n\n\n<hr class=\"wp-block-separator is-style-wide\"\/>\n\n\n\n<div class=\"wp-block-group\"><div class=\"wp-block-group__inner-container is-layout-flow wp-block-group-is-layout-flow\">\n<div class=\"wp-block-group\"><div class=\"wp-block-group__inner-container is-layout-flow wp-block-group-is-layout-flow\">\n<h2 class=\"wp-block-heading\">Apotheken Umschau berichtet \u00fcber Hypnotherapie: Hypnose als Heilmittel: <\/h2>\n\n\n\n<div class=\"wp-block-buttons is-layout-flex wp-block-buttons-is-layout-flex\">\n<div class=\"wp-block-button is-style-fill\"><a class=\"wp-block-button__link has-text-color has-background\" href=\"https:\/\/m.apotheken-umschau.de\/Therapien\/Hypnotherapie-Hypnose-als-Heilmittel-460733.html\" style=\"border-radius:8px;background:radial-gradient(rgb(202,248,128) 0%,rgb(113,206,126) 100%);color:#5a5a5a\" target=\"_blank\" rel=\"noreferrer noopener\"><em>&#8230; weiter zum Artikel<\/em><\/a><\/div>\n<\/div>\n<\/div><\/div>\n\n\n\n<hr class=\"wp-block-separator is-style-wide\"\/>\n<\/div><\/div>\n\n\n\n<div class=\"wp-block-group\"><div class=\"wp-block-group__inner-container is-layout-flow wp-block-group-is-layout-flow\">\n<h2 class=\"wp-block-heading\">Springer: Die Effektivit\u00e4t der Hypnose<\/h2>\n<\/div><\/div>\n\n\n\n<div class=\"wp-block-buttons is-layout-flex wp-block-buttons-is-layout-flex\">\n<div class=\"wp-block-button\"><a class=\"wp-block-button__link has-text-color has-background\" href=\"https:\/\/link.springer.com\/content\/pdf\/10.1007\/s00278-002-0207-z.pdf\" style=\"border-radius:8px;background:radial-gradient(rgb(202,248,128) 0%,rgb(113,206,126) 100%);color:#5a5a5a\" target=\"_blank\" rel=\"noreferrer noopener\">&#8230; weiter zum Artikel<\/a><\/div>\n<\/div>\n\n\n\n<hr class=\"wp-block-separator is-style-wide\"\/>\n\n\n\n<div class=\"wp-block-group\"><div class=\"wp-block-group__inner-container is-layout-flow wp-block-group-is-layout-flow\">\n<h2 class=\"wp-block-heading\">Die Welt: Bei welchen Leiden Hypnose helfen kann<\/h2>\n\n\n\n<div class=\"wp-block-buttons is-layout-flex wp-block-buttons-is-layout-flex\">\n<div class=\"wp-block-button\"><a class=\"wp-block-button__link has-text-color has-background\" href=\"https:\/\/www.welt.de\/gesundheit\/psychologie\/article113051131\/Bei-welchen-Leiden-Hypnose-helfen-kann.html\" style=\"border-radius:8px;background:radial-gradient(rgb(202,248,128) 0%,rgb(113,206,126) 100%);color:#5a5a5a\" target=\"_blank\" rel=\"noreferrer noopener\">&#8230; weiter zum Artikel<\/a><\/div>\n<\/div>\n<\/div><\/div>\n\n\n\n<hr class=\"wp-block-separator is-style-wide\"\/>\n\n\n\n<div class=\"wp-block-buttons is-layout-flex wp-block-buttons-is-layout-flex\"><\/div>\n\n\n\n<h2 class=\"wp-block-heading\"><strong>Der Film &#8222;Selbst Geheilt&#8220; &#8211; Die Gesundheits(r)Evolution<\/strong> <br><br>9 Methoden hat Stephan Petrowitsch zusammengetragen und \u2013 wie bei Wunder der Lebenskraft \u2013 meist auch selbst an sich erprobt.<\/h2>\n\n\n\n<figure class=\"wp-block-image size-large\"><a href=\"https:\/\/selbstgeheilt.com\"><img loading=\"lazy\" decoding=\"async\" width=\"322\" height=\"183\" src=\"https:\/\/h-knieling.de\/wp-content\/uploads\/2020\/12\/1597961424.png\" alt=\"\" class=\"wp-image-186\" srcset=\"https:\/\/h-knieling.de\/wp-content\/uploads\/2020\/12\/1597961424.png 322w, https:\/\/h-knieling.de\/wp-content\/uploads\/2020\/12\/1597961424-300x170.png 300w\" sizes=\"auto, (max-width: 322px) 100vw, 322px\" \/><\/a><\/figure>\n\n\n\n<div class=\"wp-block-buttons is-layout-flex wp-block-buttons-is-layout-flex\">\n<div class=\"wp-block-button is-style-fill\"><a class=\"wp-block-button__link has-text-color has-background\" href=\"https:\/\/h-knieling.de\/?page_id=202\" style=\"border-radius:8px;background:radial-gradient(rgb(202,248,128) 0%,rgb(113,206,126) 100%);color:#5a5a5a\">&#8230; weitere Informationen<\/a><\/div>\n<\/div>\n\n\n\n<hr class=\"wp-block-separator is-style-wide\"\/>\n\n\n\n<p><\/p>\n","protected":false},"excerpt":{"rendered":"<p>\u00c4rzteblatt: Wirksamkeit, Sicherheit und Anwendungsm\u00f6glichkeiten medizinischer Hypnose Apotheken Umschau berichtet \u00fcber Hypnotherapie: Hypnose als Heilmittel: Springer: Die Effektivit\u00e4t der Hypnose Die Welt: Bei welchen Leiden Hypnose helfen kann Der Film &#8222;Selbst Geheilt&#8220; &#8211; Die Gesundheits(r)Evolution 9 Methoden hat Stephan Petrowitsch zusammengetragen und \u2013 wie bei Wunder der Lebenskraft \u2013 meist auch selbst an sich erprobt.<\/p>\n","protected":false},"author":1,"featured_media":0,"parent":0,"menu_order":0,"comment_status":"closed","ping_status":"closed","template":"","meta":{"footnotes":""},"class_list":["post-80","page","type-page","status-publish","hentry"],"_links":{"self":[{"href":"https:\/\/h-knieling.de\/index.php?rest_route=\/wp\/v2\/pages\/80","targetHints":{"allow":["GET"]}}],"collection":[{"href":"https:\/\/h-knieling.de\/index.php?rest_route=\/wp\/v2\/pages"}],"about":[{"href":"https:\/\/h-knieling.de\/index.php?rest_route=\/wp\/v2\/types\/page"}],"author":[{"embeddable":true,"href":"https:\/\/h-knieling.de\/index.php?rest_route=\/wp\/v2\/users\/1"}],"replies":[{"embeddable":true,"href":"https:\/\/h-knieling.de\/index.php?rest_route=%2Fwp%2Fv2%2Fcomments&post=80"}],"version-history":[{"count":32,"href":"https:\/\/h-knieling.de\/index.php?rest_route=\/wp\/v2\/pages\/80\/revisions"}],"predecessor-version":[{"id":414,"href":"https:\/\/h-knieling.de\/index.php?rest_route=\/wp\/v2\/pages\/80\/revisions\/414"}],"wp:attachment":[{"href":"https:\/\/h-knieling.de\/index.php?rest_route=%2Fwp%2Fv2%2Fmedia&parent=80"}],"curies":[{"name":"wp","href":"https:\/\/api.w.org\/{rel}","templated":true}]}}